{"id":4710,"date":"2022-06-19T16:36:12","date_gmt":"2022-06-19T14:36:12","guid":{"rendered":"http:\/\/www.cppjvo.fr\/?page_id=4710"},"modified":"2025-09-10T09:53:43","modified_gmt":"2025-09-10T07:53:43","slug":"lien-vers-la-billeterie-en-lig","status":"publish","type":"page","link":"https:\/\/www.cppjvo.fr\/index.php\/lien-vers-la-billeterie-en-lig\/","title":{"rendered":"Les sorties et s\u00e9jours"},"content":{"rendered":"\t\t<div data-elementor-type=\"wp-page\" data-elementor-id=\"4710\" class=\"elementor elementor-4710\">\n\t\t\t\t\t\t<section class=\"elementor-section elementor-top-section elementor-element elementor-element-ac9fc6f elementor-section-boxed elementor-section-height-default elementor-section-height-default\" data-id=\"ac9fc6f\" data-element_type=\"section\">\n\t\t\t\t\t\t<div class=\"elementor-container elementor-column-gap-default\">\n\t\t\t\t\t<div class=\"elementor-column elementor-col-100 elementor-top-column elementor-element elementor-element-23cda24\" data-id=\"23cda24\" data-element_type=\"column\">\n\t\t\t<div class=\"elementor-widget-wrap elementor-element-populated\">\n\t\t\t\t\t\t<div class=\"elementor-element elementor-element-3df9b29 elementor-widget elementor-widget-heading\" data-id=\"3df9b29\" data-element_type=\"widget\" data-widget_type=\"heading.default\">\n\t\t\t\t<div class=\"elementor-widget-container\">\n\t\t\t\t\t<h3 class=\"elementor-heading-title elementor-size-default\">Le club vous propose les sorties et s\u00e9jours suivants. Cliquez sur les \u00e9l\u00e9ments en inscription en cours pour aller directement dans l'espace Hello Asso de l'\u00e9v\u00e9nement.<\/h3>\t\t\t\t<\/div>\n\t\t\t\t<\/div>\n\t\t\t\t\t<\/div>\n\t\t<\/div>\n\t\t\t\t\t<\/div>\n\t\t<\/section>\n\t\t\t\t<section class=\"elementor-section elementor-top-section elementor-element elementor-element-1a8996d elementor-section-boxed elementor-section-height-default elementor-section-height-default\" data-id=\"1a8996d\" data-element_type=\"section\">\n\t\t\t\t\t\t<div class=\"elementor-container elementor-column-gap-default\">\n\t\t\t\t\t<div class=\"elementor-column elementor-col-100 elementor-top-column elementor-element elementor-element-4298c61\" data-id=\"4298c61\" data-element_type=\"column\">\n\t\t\t<div class=\"elementor-widget-wrap elementor-element-populated\">\n\t\t\t\t\t\t<section class=\"elementor-section elementor-inner-section elementor-element elementor-element-7672d46 elementor-section-boxed elementor-section-height-default elementor-section-height-default\" data-id=\"7672d46\" data-element_type=\"section\">\n\t\t\t\t\t\t<div class=\"elementor-container elementor-column-gap-default\">\n\t\t\t\t\t<div class=\"elementor-column elementor-col-50 elementor-inner-column elementor-element elementor-element-9ee787f\" data-id=\"9ee787f\" data-element_type=\"column\">\n\t\t\t<div class=\"elementor-widget-wrap elementor-element-populated\">\n\t\t\t\t\t\t<div class=\"elementor-element elementor-element-eaa890b elementor-widget elementor-widget-heading\" data-id=\"eaa890b\" data-element_type=\"widget\" data-widget_type=\"heading.default\">\n\t\t\t\t<div class=\"elementor-widget-container\">\n\t\t\t\t\t<h2 class=\"elementor-heading-title elementor-size-default\">Fosse de Conflant\/Villeneuve<br>A venir<\/h2>\t\t\t\t<\/div>\n\t\t\t\t<\/div>\n\t\t\t\t\t<\/div>\n\t\t<\/div>\n\t\t\t\t<div class=\"elementor-column elementor-col-50 elementor-inner-column elementor-element elementor-element-1078922\" data-id=\"1078922\" data-element_type=\"column\">\n\t\t\t<div class=\"elementor-widget-wrap elementor-element-populated\">\n\t\t\t\t\t\t<div class=\"elementor-element elementor-element-2f43b6b elementor-widget elementor-widget-heading\" data-id=\"2f43b6b\" data-element_type=\"widget\" data-widget_type=\"heading.default\">\n\t\t\t\t<div class=\"elementor-widget-container\">\n\t\t\t\t\t<h2 class=\"elementor-heading-title elementor-size-default\"><a href=\"https:\/\/www.helloasso.com\/associations\/club-de-plongee-de-la-police-et-de-la-justice-du-val-d-oise\/evenements\/egypte-2026-seabase?_gl=1%2av0rc44%2a_gcl_au%2aMTU3MjEwNTUxMS4xNzU1NzAzOTg5LjEwODcwODQxOTEuMTc1Njg4NDczMy4xNzU2ODg1NDE1\" target=\"_blank\">EGYPTE 2026 avec Seabase<br><span style=\", Helvetica, Arial, sans-serif;font-size: 16px;font-weight: 400;text-align: start\">du 09 mai 2026 au 16 mai 2026<\/span><\/a><\/h2>\t\t\t\t<\/div>\n\t\t\t\t<\/div>\n\t\t\t\t\t<\/div>\n\t\t<\/div>\n\t\t\t\t\t<\/div>\n\t\t<\/section>\n\t\t\t\t\t<\/div>\n\t\t<\/div>\n\t\t\t\t\t<\/div>\n\t\t<\/section>\n\t\t\t\t<section class=\"elementor-section elementor-top-section elementor-element elementor-element-be995e3 elementor-section-boxed elementor-section-height-default elementor-section-height-default\" data-id=\"be995e3\" data-element_type=\"section\">\n\t\t\t\t\t\t<div class=\"elementor-container elementor-column-gap-default\">\n\t\t\t\t\t<div class=\"elementor-column elementor-col-100 elementor-top-column elementor-element elementor-element-246109b\" data-id=\"246109b\" data-element_type=\"column\">\n\t\t\t<div class=\"elementor-widget-wrap\">\n\t\t\t\t\t\t\t<\/div>\n\t\t<\/div>\n\t\t\t\t\t<\/div>\n\t\t<\/section>\n\t\t\t\t<\/div>\n\t\t","protected":false},"excerpt":{"rendered":"<p>Le club vous propose les sorties et s\u00e9jours suivants. Cliquez sur les \u00e9l\u00e9ments en inscription en cours pour aller directement dans l&#8217;espace Hello Asso de l&#8217;\u00e9v\u00e9nement. Fosse de Conflant\/VilleneuveA venir EGYPTE 2026 avec Seabasedu 09 mai 2026 au 16 mai 2026<\/p>\n","protected":false},"author":1,"featured_media":0,"parent":0,"menu_order":0,"comment_status":"closed","ping_status":"closed","template":"","meta":{"footnotes":""},"class_list":["post-4710","page","type-page","status-publish","hentry"],"yoast_head":"<!-- This site is optimized with the Yoast SEO plugin v26.7 - https:\/\/yoast.com\/wordpress\/plugins\/seo\/ -->\n<title>Les sorties et s\u00e9jours - CPPJVO %<\/title>\n<meta name=\"robots\" content=\"index, follow, max-snippet:-1, max-image-preview:large, max-video-preview:-1\" \/>\n<link rel=\"canonical\" href=\"https:\/\/www.cppjvo.fr\/index.php\/lien-vers-la-billeterie-en-lig\/\" \/>\n<meta property=\"og:locale\" content=\"fr_FR\" \/>\n<meta property=\"og:type\" content=\"article\" \/>\n<meta property=\"og:title\" content=\"Les sorties et s\u00e9jours - CPPJVO %\" \/>\n<meta property=\"og:description\" content=\"Le club vous propose les sorties et s\u00e9jours suivants. Cliquez sur les \u00e9l\u00e9ments en inscription en cours pour aller directement dans l&#8217;espace Hello Asso de l&#8217;\u00e9v\u00e9nement. Fosse de Conflant\/VilleneuveA venir EGYPTE 2026 avec Seabasedu 09 mai 2026 au 16 mai 2026\" \/>\n<meta property=\"og:url\" content=\"https:\/\/www.cppjvo.fr\/index.php\/lien-vers-la-billeterie-en-lig\/\" \/>\n<meta property=\"og:site_name\" content=\"CPPJVO\" \/>\n<meta property=\"article:publisher\" content=\"https:\/\/fr-fr.facebook.com\/CPPJVO-2116673645252590\/\" \/>\n<meta property=\"article:modified_time\" content=\"2025-09-10T07:53:43+00:00\" \/>\n<meta name=\"twitter:card\" content=\"summary_large_image\" \/>\n<meta name=\"twitter:label1\" content=\"Dur\u00e9e de lecture estim\u00e9e\" \/>\n\t<meta name=\"twitter:data1\" content=\"1 minute\" \/>\n<script type=\"application\/ld+json\" class=\"yoast-schema-graph\">{\"@context\":\"https:\/\/schema.org\",\"@graph\":[{\"@type\":\"WebPage\",\"@id\":\"https:\/\/www.cppjvo.fr\/index.php\/lien-vers-la-billeterie-en-lig\/\",\"url\":\"https:\/\/www.cppjvo.fr\/index.php\/lien-vers-la-billeterie-en-lig\/\",\"name\":\"Les sorties et s\u00e9jours - CPPJVO %\",\"isPartOf\":{\"@id\":\"https:\/\/www.cppjvo.fr\/#website\"},\"datePublished\":\"2022-06-19T14:36:12+00:00\",\"dateModified\":\"2025-09-10T07:53:43+00:00\",\"breadcrumb\":{\"@id\":\"https:\/\/www.cppjvo.fr\/index.php\/lien-vers-la-billeterie-en-lig\/#breadcrumb\"},\"inLanguage\":\"fr-FR\",\"potentialAction\":[{\"@type\":\"ReadAction\",\"target\":[\"https:\/\/www.cppjvo.fr\/index.php\/lien-vers-la-billeterie-en-lig\/\"]}]},{\"@type\":\"BreadcrumbList\",\"@id\":\"https:\/\/www.cppjvo.fr\/index.php\/lien-vers-la-billeterie-en-lig\/#breadcrumb\",\"itemListElement\":[{\"@type\":\"ListItem\",\"position\":1,\"name\":\"Accueil\",\"item\":\"https:\/\/www.cppjvo.fr\/\"},{\"@type\":\"ListItem\",\"position\":2,\"name\":\"Les sorties et s\u00e9jours\"}]},{\"@type\":\"WebSite\",\"@id\":\"https:\/\/www.cppjvo.fr\/#website\",\"url\":\"https:\/\/www.cppjvo.fr\/\",\"name\":\"CPPJVO\",\"description\":\"Club de Plong\u00e9e de la Police Justice du Val d&#039;Oise\",\"publisher\":{\"@id\":\"https:\/\/www.cppjvo.fr\/#organization\"},\"potentialAction\":[{\"@type\":\"SearchAction\",\"target\":{\"@type\":\"EntryPoint\",\"urlTemplate\":\"https:\/\/www.cppjvo.fr\/?s={search_term_string}\"},\"query-input\":{\"@type\":\"PropertyValueSpecification\",\"valueRequired\":true,\"valueName\":\"search_term_string\"}}],\"inLanguage\":\"fr-FR\"},{\"@type\":\"Organization\",\"@id\":\"https:\/\/www.cppjvo.fr\/#organization\",\"name\":\"cppvjo : club de plong\u00e9e Argenteuil\",\"url\":\"https:\/\/www.cppjvo.fr\/\",\"logo\":{\"@type\":\"ImageObject\",\"inLanguage\":\"fr-FR\",\"@id\":\"https:\/\/www.cppjvo.fr\/#\/schema\/logo\/image\/\",\"url\":\"https:\/\/www.cppjvo.fr\/wp-content\/uploads\/2019\/07\/logo-cppvjo-2-1.jpg\",\"contentUrl\":\"https:\/\/www.cppjvo.fr\/wp-content\/uploads\/2019\/07\/logo-cppvjo-2-1.jpg\",\"width\":777,\"height\":560,\"caption\":\"cppvjo : club de plong\u00e9e Argenteuil\"},\"image\":{\"@id\":\"https:\/\/www.cppjvo.fr\/#\/schema\/logo\/image\/\"},\"sameAs\":[\"https:\/\/fr-fr.facebook.com\/CPPJVO-2116673645252590\/\"]}]}<\/script>\n<!-- \/ Yoast SEO plugin. -->","yoast_head_json":{"title":"Les sorties et s\u00e9jours - CPPJVO %","robots":{"index":"index","follow":"follow","max-snippet":"max-snippet:-1","max-image-preview":"max-image-preview:large","max-video-preview":"max-video-preview:-1"},"canonical":"https:\/\/www.cppjvo.fr\/index.php\/lien-vers-la-billeterie-en-lig\/","og_locale":"fr_FR","og_type":"article","og_title":"Les sorties et s\u00e9jours - CPPJVO %","og_description":"Le club vous propose les sorties et s\u00e9jours suivants. Cliquez sur les \u00e9l\u00e9ments en inscription en cours pour aller directement dans l&#8217;espace Hello Asso de l&#8217;\u00e9v\u00e9nement. Fosse de Conflant\/VilleneuveA venir EGYPTE 2026 avec Seabasedu 09 mai 2026 au 16 mai 2026","og_url":"https:\/\/www.cppjvo.fr\/index.php\/lien-vers-la-billeterie-en-lig\/","og_site_name":"CPPJVO","article_publisher":"https:\/\/fr-fr.facebook.com\/CPPJVO-2116673645252590\/","article_modified_time":"2025-09-10T07:53:43+00:00","twitter_card":"summary_large_image","twitter_misc":{"Dur\u00e9e de lecture estim\u00e9e":"1 minute"},"schema":{"@context":"https:\/\/schema.org","@graph":[{"@type":"WebPage","@id":"https:\/\/www.cppjvo.fr\/index.php\/lien-vers-la-billeterie-en-lig\/","url":"https:\/\/www.cppjvo.fr\/index.php\/lien-vers-la-billeterie-en-lig\/","name":"Les sorties et s\u00e9jours - CPPJVO %","isPartOf":{"@id":"https:\/\/www.cppjvo.fr\/#website"},"datePublished":"2022-06-19T14:36:12+00:00","dateModified":"2025-09-10T07:53:43+00:00","breadcrumb":{"@id":"https:\/\/www.cppjvo.fr\/index.php\/lien-vers-la-billeterie-en-lig\/#breadcrumb"},"inLanguage":"fr-FR","potentialAction":[{"@type":"ReadAction","target":["https:\/\/www.cppjvo.fr\/index.php\/lien-vers-la-billeterie-en-lig\/"]}]},{"@type":"BreadcrumbList","@id":"https:\/\/www.cppjvo.fr\/index.php\/lien-vers-la-billeterie-en-lig\/#breadcrumb","itemListElement":[{"@type":"ListItem","position":1,"name":"Accueil","item":"https:\/\/www.cppjvo.fr\/"},{"@type":"ListItem","position":2,"name":"Les sorties et s\u00e9jours"}]},{"@type":"WebSite","@id":"https:\/\/www.cppjvo.fr\/#website","url":"https:\/\/www.cppjvo.fr\/","name":"CPPJVO","description":"Club de Plong\u00e9e de la Police Justice du Val d&#039;Oise","publisher":{"@id":"https:\/\/www.cppjvo.fr\/#organization"},"potentialAction":[{"@type":"SearchAction","target":{"@type":"EntryPoint","urlTemplate":"https:\/\/www.cppjvo.fr\/?s={search_term_string}"},"query-input":{"@type":"PropertyValueSpecification","valueRequired":true,"valueName":"search_term_string"}}],"inLanguage":"fr-FR"},{"@type":"Organization","@id":"https:\/\/www.cppjvo.fr\/#organization","name":"cppvjo : club de plong\u00e9e Argenteuil","url":"https:\/\/www.cppjvo.fr\/","logo":{"@type":"ImageObject","inLanguage":"fr-FR","@id":"https:\/\/www.cppjvo.fr\/#\/schema\/logo\/image\/","url":"https:\/\/www.cppjvo.fr\/wp-content\/uploads\/2019\/07\/logo-cppvjo-2-1.jpg","contentUrl":"https:\/\/www.cppjvo.fr\/wp-content\/uploads\/2019\/07\/logo-cppvjo-2-1.jpg","width":777,"height":560,"caption":"cppvjo : club de plong\u00e9e Argenteuil"},"image":{"@id":"https:\/\/www.cppjvo.fr\/#\/schema\/logo\/image\/"},"sameAs":["https:\/\/fr-fr.facebook.com\/CPPJVO-2116673645252590\/"]}]}},"_links":{"self":[{"href":"https:\/\/www.cppjvo.fr\/index.php\/wp-json\/wp\/v2\/pages\/4710","targetHints":{"allow":["GET"]}}],"collection":[{"href":"https:\/\/www.cppjvo.fr\/index.php\/wp-json\/wp\/v2\/pages"}],"about":[{"href":"https:\/\/www.cppjvo.fr\/index.php\/wp-json\/wp\/v2\/types\/page"}],"author":[{"embeddable":true,"href":"https:\/\/www.cppjvo.fr\/index.php\/wp-json\/wp\/v2\/users\/1"}],"replies":[{"embeddable":true,"href":"https:\/\/www.cppjvo.fr\/index.php\/wp-json\/wp\/v2\/comments?post=4710"}],"version-history":[{"count":56,"href":"https:\/\/www.cppjvo.fr\/index.php\/wp-json\/wp\/v2\/pages\/4710\/revisions"}],"predecessor-version":[{"id":4967,"href":"https:\/\/www.cppjvo.fr\/index.php\/wp-json\/wp\/v2\/pages\/4710\/revisions\/4967"}],"wp:attachment":[{"href":"https:\/\/www.cppjvo.fr\/index.php\/wp-json\/wp\/v2\/media?parent=4710"}],"curies":[{"name":"wp","href":"https:\/\/api.w.org\/{rel}","templated":true}]}}