{"id":4288,"date":"2019-07-24T15:20:43","date_gmt":"2019-07-24T13:20:43","guid":{"rendered":"http:\/\/cppjvo.fr\/?page_id=4288"},"modified":"2020-04-27T11:08:05","modified_gmt":"2020-04-27T09:08:05","slug":"contact","status":"publish","type":"page","link":"https:\/\/www.cppjvo.fr\/index.php\/contact\/","title":{"rendered":"Contacts"},"content":{"rendered":"\t\t<div data-elementor-type=\"wp-page\" data-elementor-id=\"4288\" class=\"elementor elementor-4288\">\n\t\t\t\t\t\t<section class=\"elementor-section elementor-top-section elementor-element elementor-element-c1d1cea elementor-section-boxed elementor-section-height-default elementor-section-height-default\" data-id=\"c1d1cea\" data-element_type=\"section\">\n\t\t\t\t\t\t<div class=\"elementor-container elementor-column-gap-default\">\n\t\t\t\t\t<div class=\"elementor-column elementor-col-100 elementor-top-column elementor-element elementor-element-18fc19a\" data-id=\"18fc19a\" data-element_type=\"column\">\n\t\t\t<div class=\"elementor-widget-wrap elementor-element-populated\">\n\t\t\t\t\t\t<div class=\"elementor-element elementor-element-b81db3b elementor-widget elementor-widget-text-editor\" data-id=\"b81db3b\" data-element_type=\"widget\" data-widget_type=\"text-editor.default\">\n\t\t\t\t<div class=\"elementor-widget-container\">\n\t\t\t\t\t\t\t\t\t<p><br><\/p><p>Pour nous contacter, vous pouvez envoyer un message :<\/p>\n\n\n<ul><li>au pr\u00e9sident : <a href=\"mailto:president@cppjvo.fr\">president@cppjvo.fr<\/a><\/li><li>\u00e0 notre directeur technique : <a href=\"mailto:dir.technique@cppjvo.fr\">dir.technique@cppjvo.fr<\/a><\/li><li>\u00e0 notre tr\u00e9sorier : <a href=\"mailto:tresorier@cppjvo.fr\">tresorier@cppjvo.fr<\/a><\/li><li>\u00e0 notre secr\u00e9taire : <a href=\"mailto:secretariat@cppjvo.fr\">secretariat@cppjvo.fr<\/a><\/li><\/ul><p><br><\/p>\t\t\t\t\t\t\t\t<\/div>\n\t\t\t\t<\/div>\n\t\t\t\t\t<\/div>\n\t\t<\/div>\n\t\t\t\t\t<\/div>\n\t\t<\/section>\n\t\t\t\t<\/div>\n\t\t","protected":false},"excerpt":{"rendered":"<p>Pour nous contacter, vous pouvez envoyer un message : au pr\u00e9sident : president@cppjvo.fr \u00e0 notre directeur technique : dir.technique@cppjvo.fr \u00e0 notre tr\u00e9sorier : tresorier@cppjvo.fr \u00e0 notre secr\u00e9taire : secretariat@cppjvo.fr<\/p>\n","protected":false},"author":1,"featured_media":0,"parent":0,"menu_order":0,"comment_status":"closed","ping_status":"closed","template":"","meta":{"footnotes":""},"class_list":["post-4288","page","type-page","status-publish","hentry"],"yoast_head":"<!-- This site is optimized with the Yoast SEO plugin v26.7 - https:\/\/yoast.com\/wordpress\/plugins\/seo\/ -->\n<title>Contacts - CPPJVO<\/title>\n<meta name=\"robots\" content=\"index, follow, max-snippet:-1, max-image-preview:large, max-video-preview:-1\" \/>\n<link rel=\"canonical\" href=\"http:\/\/www.cppjvo.fr\/index.php\/contact\/\" \/>\n<meta property=\"og:locale\" content=\"fr_FR\" \/>\n<meta property=\"og:type\" content=\"article\" \/>\n<meta property=\"og:title\" content=\"Contacts - CPPJVO\" \/>\n<meta property=\"og:description\" content=\"Pour nous contacter, vous pouvez envoyer un message : au pr\u00e9sident : president@cppjvo.fr \u00e0 notre directeur technique : dir.technique@cppjvo.fr \u00e0 notre tr\u00e9sorier : tresorier@cppjvo.fr \u00e0 notre secr\u00e9taire : secretariat@cppjvo.fr\" \/>\n<meta property=\"og:url\" content=\"http:\/\/www.cppjvo.fr\/index.php\/contact\/\" \/>\n<meta property=\"og:site_name\" content=\"CPPJVO\" \/>\n<meta property=\"article:publisher\" content=\"https:\/\/fr-fr.facebook.com\/CPPJVO-2116673645252590\/\" \/>\n<meta property=\"article:modified_time\" content=\"2020-04-27T09:08:05+00:00\" \/>\n<meta name=\"twitter:card\" content=\"summary_large_image\" \/>\n<script type=\"application\/ld+json\" class=\"yoast-schema-graph\">{\"@context\":\"https:\/\/schema.org\",\"@graph\":[{\"@type\":\"WebPage\",\"@id\":\"http:\/\/www.cppjvo.fr\/index.php\/contact\/\",\"url\":\"http:\/\/www.cppjvo.fr\/index.php\/contact\/\",\"name\":\"Contacts - CPPJVO\",\"isPartOf\":{\"@id\":\"https:\/\/www.cppjvo.fr\/#website\"},\"datePublished\":\"2019-07-24T13:20:43+00:00\",\"dateModified\":\"2020-04-27T09:08:05+00:00\",\"breadcrumb\":{\"@id\":\"http:\/\/www.cppjvo.fr\/index.php\/contact\/#breadcrumb\"},\"inLanguage\":\"fr-FR\",\"potentialAction\":[{\"@type\":\"ReadAction\",\"target\":[\"http:\/\/www.cppjvo.fr\/index.php\/contact\/\"]}]},{\"@type\":\"BreadcrumbList\",\"@id\":\"http:\/\/www.cppjvo.fr\/index.php\/contact\/#breadcrumb\",\"itemListElement\":[{\"@type\":\"ListItem\",\"position\":1,\"name\":\"Accueil\",\"item\":\"https:\/\/www.cppjvo.fr\/\"},{\"@type\":\"ListItem\",\"position\":2,\"name\":\"Contacts\"}]},{\"@type\":\"WebSite\",\"@id\":\"https:\/\/www.cppjvo.fr\/#website\",\"url\":\"https:\/\/www.cppjvo.fr\/\",\"name\":\"CPPJVO\",\"description\":\"Club de Plong\u00e9e de la Police Justice du Val d&#039;Oise\",\"publisher\":{\"@id\":\"https:\/\/www.cppjvo.fr\/#organization\"},\"potentialAction\":[{\"@type\":\"SearchAction\",\"target\":{\"@type\":\"EntryPoint\",\"urlTemplate\":\"https:\/\/www.cppjvo.fr\/?s={search_term_string}\"},\"query-input\":{\"@type\":\"PropertyValueSpecification\",\"valueRequired\":true,\"valueName\":\"search_term_string\"}}],\"inLanguage\":\"fr-FR\"},{\"@type\":\"Organization\",\"@id\":\"https:\/\/www.cppjvo.fr\/#organization\",\"name\":\"cppvjo : club de plong\u00e9e Argenteuil\",\"url\":\"https:\/\/www.cppjvo.fr\/\",\"logo\":{\"@type\":\"ImageObject\",\"inLanguage\":\"fr-FR\",\"@id\":\"https:\/\/www.cppjvo.fr\/#\/schema\/logo\/image\/\",\"url\":\"https:\/\/www.cppjvo.fr\/wp-content\/uploads\/2019\/07\/logo-cppvjo-2-1.jpg\",\"contentUrl\":\"https:\/\/www.cppjvo.fr\/wp-content\/uploads\/2019\/07\/logo-cppvjo-2-1.jpg\",\"width\":777,\"height\":560,\"caption\":\"cppvjo : club de plong\u00e9e Argenteuil\"},\"image\":{\"@id\":\"https:\/\/www.cppjvo.fr\/#\/schema\/logo\/image\/\"},\"sameAs\":[\"https:\/\/fr-fr.facebook.com\/CPPJVO-2116673645252590\/\"]}]}<\/script>\n<!-- \/ Yoast SEO plugin. -->","yoast_head_json":{"title":"Contacts - CPPJVO","robots":{"index":"index","follow":"follow","max-snippet":"max-snippet:-1","max-image-preview":"max-image-preview:large","max-video-preview":"max-video-preview:-1"},"canonical":"http:\/\/www.cppjvo.fr\/index.php\/contact\/","og_locale":"fr_FR","og_type":"article","og_title":"Contacts - CPPJVO","og_description":"Pour nous contacter, vous pouvez envoyer un message : au pr\u00e9sident : president@cppjvo.fr \u00e0 notre directeur technique : dir.technique@cppjvo.fr \u00e0 notre tr\u00e9sorier : tresorier@cppjvo.fr \u00e0 notre secr\u00e9taire : secretariat@cppjvo.fr","og_url":"http:\/\/www.cppjvo.fr\/index.php\/contact\/","og_site_name":"CPPJVO","article_publisher":"https:\/\/fr-fr.facebook.com\/CPPJVO-2116673645252590\/","article_modified_time":"2020-04-27T09:08:05+00:00","twitter_card":"summary_large_image","schema":{"@context":"https:\/\/schema.org","@graph":[{"@type":"WebPage","@id":"http:\/\/www.cppjvo.fr\/index.php\/contact\/","url":"http:\/\/www.cppjvo.fr\/index.php\/contact\/","name":"Contacts - CPPJVO","isPartOf":{"@id":"https:\/\/www.cppjvo.fr\/#website"},"datePublished":"2019-07-24T13:20:43+00:00","dateModified":"2020-04-27T09:08:05+00:00","breadcrumb":{"@id":"http:\/\/www.cppjvo.fr\/index.php\/contact\/#breadcrumb"},"inLanguage":"fr-FR","potentialAction":[{"@type":"ReadAction","target":["http:\/\/www.cppjvo.fr\/index.php\/contact\/"]}]},{"@type":"BreadcrumbList","@id":"http:\/\/www.cppjvo.fr\/index.php\/contact\/#breadcrumb","itemListElement":[{"@type":"ListItem","position":1,"name":"Accueil","item":"https:\/\/www.cppjvo.fr\/"},{"@type":"ListItem","position":2,"name":"Contacts"}]},{"@type":"WebSite","@id":"https:\/\/www.cppjvo.fr\/#website","url":"https:\/\/www.cppjvo.fr\/","name":"CPPJVO","description":"Club de Plong\u00e9e de la Police Justice du Val d&#039;Oise","publisher":{"@id":"https:\/\/www.cppjvo.fr\/#organization"},"potentialAction":[{"@type":"SearchAction","target":{"@type":"EntryPoint","urlTemplate":"https:\/\/www.cppjvo.fr\/?s={search_term_string}"},"query-input":{"@type":"PropertyValueSpecification","valueRequired":true,"valueName":"search_term_string"}}],"inLanguage":"fr-FR"},{"@type":"Organization","@id":"https:\/\/www.cppjvo.fr\/#organization","name":"cppvjo : club de plong\u00e9e Argenteuil","url":"https:\/\/www.cppjvo.fr\/","logo":{"@type":"ImageObject","inLanguage":"fr-FR","@id":"https:\/\/www.cppjvo.fr\/#\/schema\/logo\/image\/","url":"https:\/\/www.cppjvo.fr\/wp-content\/uploads\/2019\/07\/logo-cppvjo-2-1.jpg","contentUrl":"https:\/\/www.cppjvo.fr\/wp-content\/uploads\/2019\/07\/logo-cppvjo-2-1.jpg","width":777,"height":560,"caption":"cppvjo : club de plong\u00e9e Argenteuil"},"image":{"@id":"https:\/\/www.cppjvo.fr\/#\/schema\/logo\/image\/"},"sameAs":["https:\/\/fr-fr.facebook.com\/CPPJVO-2116673645252590\/"]}]}},"_links":{"self":[{"href":"https:\/\/www.cppjvo.fr\/index.php\/wp-json\/wp\/v2\/pages\/4288","targetHints":{"allow":["GET"]}}],"collection":[{"href":"https:\/\/www.cppjvo.fr\/index.php\/wp-json\/wp\/v2\/pages"}],"about":[{"href":"https:\/\/www.cppjvo.fr\/index.php\/wp-json\/wp\/v2\/types\/page"}],"author":[{"embeddable":true,"href":"https:\/\/www.cppjvo.fr\/index.php\/wp-json\/wp\/v2\/users\/1"}],"replies":[{"embeddable":true,"href":"https:\/\/www.cppjvo.fr\/index.php\/wp-json\/wp\/v2\/comments?post=4288"}],"version-history":[{"count":17,"href":"https:\/\/www.cppjvo.fr\/index.php\/wp-json\/wp\/v2\/pages\/4288\/revisions"}],"predecessor-version":[{"id":4406,"href":"https:\/\/www.cppjvo.fr\/index.php\/wp-json\/wp\/v2\/pages\/4288\/revisions\/4406"}],"wp:attachment":[{"href":"https:\/\/www.cppjvo.fr\/index.php\/wp-json\/wp\/v2\/media?parent=4288"}],"curies":[{"name":"wp","href":"https:\/\/api.w.org\/{rel}","templated":true}]}}