{"id":4284,"date":"2018-11-12T11:50:12","date_gmt":"2018-11-12T11:50:12","guid":{"rendered":"https:\/\/demo.themeisle.com\/hestia-default\/hestia-front\/"},"modified":"2024-09-09T21:54:13","modified_gmt":"2024-09-09T19:54:13","slug":"hestia-front","status":"publish","type":"page","link":"https:\/\/www.cppjvo.fr\/index.php\/hestia-front\/","title":{"rendered":"Qui sommes nous ?"},"content":{"rendered":"\t\t<div data-elementor-type=\"wp-page\" data-elementor-id=\"4284\" class=\"elementor elementor-4284\">\n\t\t\t\t\t\t<section class=\"elementor-section elementor-top-section elementor-element elementor-element-52ead8eb elementor-section-boxed elementor-section-height-default elementor-section-height-default\" data-id=\"52ead8eb\" data-element_type=\"section\">\n\t\t\t\t\t\t<div class=\"elementor-container elementor-column-gap-default\">\n\t\t\t\t\t<div class=\"elementor-column elementor-col-100 elementor-top-column elementor-element elementor-element-22052c37\" data-id=\"22052c37\" data-element_type=\"column\">\n\t\t\t<div class=\"elementor-widget-wrap elementor-element-populated\">\n\t\t\t\t\t\t<div class=\"elementor-element elementor-element-6d04ac32 elementor-widget elementor-widget-text-editor\" data-id=\"6d04ac32\" data-element_type=\"widget\" data-widget_type=\"text-editor.default\">\n\t\t\t\t<div class=\"elementor-widget-container\">\n\t\t\t\t\t\t\t\t\t<p><\/p>\n<p><\/p>\n<p>Association loi 1901, il est <span style=\"color: #0000ff;\"><strong>ouvert \u00e0 tous<\/strong><\/span> quelque soit le milieu professionnel. Nous acceptons les adh\u00e9rents \u00e0 partir de 16 ans. \u00a0<\/p>\n<p><strong>Les origines:<\/strong><\/p>\n<p>Le Club de Plong\u00e9e CPPJVO a \u00e9t\u00e9 cr\u00e9\u00e9 \u00e0 l&#8217;origine en 1981 par des policiers et des magistrats passionn\u00e9s par la plong\u00e9e sous marine et souhaitant pratiquer ensemble cette activit\u00e9.\u00a0 D&#8217;ou son nom que nous avons toujours conserv\u00e9 : CPPJVO = Club de plong\u00e9e de la Police et de la Justice du Val d&#8217;Oise.<\/p>\n<p>Le CPPJVO est un petit club de plong\u00e9e qui compte environ une cinquantaine d&#8217;adh\u00e9rents. Au sein de la piscine d&#8217;Argenteuil nous utilisons un bassin de natation de 25m, la fosse de plong\u00e9e de 10m. Ponctuellement nous organisons des s\u00e9ances \u00e0 la fosse de Conflans Sainte Honorine (20m).\u00a0<\/p>\n<p>Une \u00e9quipe de moniteur b\u00e9n\u00e9voles agr\u00e9\u00e9s par la F\u00e9d\u00e9ration Fran\u00e7aise d&#8217;\u00e9tudes et de Sports Sous-Marins (FFESSM), assurent des formations dans le strict respect de s\u00e9curit\u00e9 et de standards\u00a0 f\u00e9d\u00e9raux.<\/p>\n<p>Le club a pour vocation la formation et le d\u00e9veloppement de l&#8217;apprentissage de la plong\u00e9e sous marine. Nous formons au dipl\u00f4mes reconnus par la FFESSM :<br \/>\u00a0\u00a0\u00a0 &#8211; niveau 1 &amp; 2 &amp; 3 de plong\u00e9e sous marine<br \/>\u00a0\u00a0\u00a0 &#8211; qualification Nitrox (premier niveau)<br \/>\u00a0\u00a0\u00a0 &#8211; initiateur plong\u00e9e<br \/>\u00a0 Pratique de la plong\u00e9e en exploration :<br \/>\u00a0\u00a0 &#8211; organisation d&#8217;une sortie annuelle d&#8217;une semaine<br \/>\u00a0\u00a0 &#8211; organisation de weekends\u00a0 (orient\u00e9s techniques, plong\u00e9e en carri\u00e8re)<\/p>\n<p>Pour toute demande de renseignements, vous pouvez nous envoyer un email \u00e0 <a href=\"mailto:secretariat@cppjvo.fr\"><b>secretariat@cppjvo.fr<\/b><\/a>. Nous nous ferons une joie de vous r\u00e9pondre.<\/p>\n<p><\/p>\t\t\t\t\t\t\t\t<\/div>\n\t\t\t\t<\/div>\n\t\t\t\t\t<\/div>\n\t\t<\/div>\n\t\t\t\t\t<\/div>\n\t\t<\/section>\n\t\t\t\t<\/div>\n\t\t","protected":false},"excerpt":{"rendered":"<p>Association loi 1901, il est ouvert \u00e0 tous quelque soit le milieu professionnel. Nous acceptons les adh\u00e9rents \u00e0 partir de 16 ans. \u00a0 Les origines: Le Club de Plong\u00e9e CPPJVO a \u00e9t\u00e9 cr\u00e9\u00e9 \u00e0 l&#8217;origine en 1981 par des policiers et des magistrats passionn\u00e9s par la plong\u00e9e sous marine et souhaitant pratiquer ensemble cette activit\u00e9.\u00a0 [&hellip;]<\/p>\n","protected":false},"author":1,"featured_media":0,"parent":0,"menu_order":0,"comment_status":"closed","ping_status":"closed","template":"","meta":{"footnotes":""},"class_list":["post-4284","page","type-page","status-publish","hentry"],"yoast_head":"<!-- This site is optimized with the Yoast SEO plugin v26.7 - https:\/\/yoast.com\/wordpress\/plugins\/seo\/ -->\n<title>Qui sommes nous ? - CPPJVO<\/title>\n<meta name=\"robots\" content=\"index, follow, max-snippet:-1, max-image-preview:large, max-video-preview:-1\" \/>\n<link rel=\"canonical\" href=\"https:\/\/www.cppjvo.fr\/index.php\/hestia-front\/\" \/>\n<meta property=\"og:locale\" content=\"fr_FR\" \/>\n<meta property=\"og:type\" content=\"article\" \/>\n<meta property=\"og:title\" content=\"Qui sommes nous ? - CPPJVO\" \/>\n<meta property=\"og:description\" content=\"Association loi 1901, il est ouvert \u00e0 tous quelque soit le milieu professionnel. Nous acceptons les adh\u00e9rents \u00e0 partir de 16 ans. \u00a0 Les origines: Le Club de Plong\u00e9e CPPJVO a \u00e9t\u00e9 cr\u00e9\u00e9 \u00e0 l&#8217;origine en 1981 par des policiers et des magistrats passionn\u00e9s par la plong\u00e9e sous marine et souhaitant pratiquer ensemble cette activit\u00e9.\u00a0 [&hellip;]\" \/>\n<meta property=\"og:url\" content=\"https:\/\/www.cppjvo.fr\/index.php\/hestia-front\/\" \/>\n<meta property=\"og:site_name\" content=\"CPPJVO\" \/>\n<meta property=\"article:publisher\" content=\"https:\/\/fr-fr.facebook.com\/CPPJVO-2116673645252590\/\" \/>\n<meta property=\"article:modified_time\" content=\"2024-09-09T19:54:13+00:00\" \/>\n<meta name=\"twitter:card\" content=\"summary_large_image\" \/>\n<meta name=\"twitter:label1\" content=\"Dur\u00e9e de lecture estim\u00e9e\" \/>\n\t<meta name=\"twitter:data1\" content=\"1 minute\" \/>\n<script type=\"application\/ld+json\" class=\"yoast-schema-graph\">{\"@context\":\"https:\/\/schema.org\",\"@graph\":[{\"@type\":\"WebPage\",\"@id\":\"https:\/\/www.cppjvo.fr\/index.php\/hestia-front\/\",\"url\":\"https:\/\/www.cppjvo.fr\/index.php\/hestia-front\/\",\"name\":\"Qui sommes nous ? - CPPJVO\",\"isPartOf\":{\"@id\":\"https:\/\/www.cppjvo.fr\/#website\"},\"datePublished\":\"2018-11-12T11:50:12+00:00\",\"dateModified\":\"2024-09-09T19:54:13+00:00\",\"breadcrumb\":{\"@id\":\"https:\/\/www.cppjvo.fr\/index.php\/hestia-front\/#breadcrumb\"},\"inLanguage\":\"fr-FR\",\"potentialAction\":[{\"@type\":\"ReadAction\",\"target\":[\"https:\/\/www.cppjvo.fr\/index.php\/hestia-front\/\"]}]},{\"@type\":\"BreadcrumbList\",\"@id\":\"https:\/\/www.cppjvo.fr\/index.php\/hestia-front\/#breadcrumb\",\"itemListElement\":[{\"@type\":\"ListItem\",\"position\":1,\"name\":\"Accueil\",\"item\":\"https:\/\/www.cppjvo.fr\/\"},{\"@type\":\"ListItem\",\"position\":2,\"name\":\"Qui sommes nous ?\"}]},{\"@type\":\"WebSite\",\"@id\":\"https:\/\/www.cppjvo.fr\/#website\",\"url\":\"https:\/\/www.cppjvo.fr\/\",\"name\":\"CPPJVO\",\"description\":\"Club de Plong\u00e9e de la Police Justice du Val d&#039;Oise\",\"publisher\":{\"@id\":\"https:\/\/www.cppjvo.fr\/#organization\"},\"potentialAction\":[{\"@type\":\"SearchAction\",\"target\":{\"@type\":\"EntryPoint\",\"urlTemplate\":\"https:\/\/www.cppjvo.fr\/?s={search_term_string}\"},\"query-input\":{\"@type\":\"PropertyValueSpecification\",\"valueRequired\":true,\"valueName\":\"search_term_string\"}}],\"inLanguage\":\"fr-FR\"},{\"@type\":\"Organization\",\"@id\":\"https:\/\/www.cppjvo.fr\/#organization\",\"name\":\"cppvjo : club de plong\u00e9e Argenteuil\",\"url\":\"https:\/\/www.cppjvo.fr\/\",\"logo\":{\"@type\":\"ImageObject\",\"inLanguage\":\"fr-FR\",\"@id\":\"https:\/\/www.cppjvo.fr\/#\/schema\/logo\/image\/\",\"url\":\"https:\/\/www.cppjvo.fr\/wp-content\/uploads\/2019\/07\/logo-cppvjo-2-1.jpg\",\"contentUrl\":\"https:\/\/www.cppjvo.fr\/wp-content\/uploads\/2019\/07\/logo-cppvjo-2-1.jpg\",\"width\":777,\"height\":560,\"caption\":\"cppvjo : club de plong\u00e9e Argenteuil\"},\"image\":{\"@id\":\"https:\/\/www.cppjvo.fr\/#\/schema\/logo\/image\/\"},\"sameAs\":[\"https:\/\/fr-fr.facebook.com\/CPPJVO-2116673645252590\/\"]}]}<\/script>\n<!-- \/ Yoast SEO plugin. -->","yoast_head_json":{"title":"Qui sommes nous ? - CPPJVO","robots":{"index":"index","follow":"follow","max-snippet":"max-snippet:-1","max-image-preview":"max-image-preview:large","max-video-preview":"max-video-preview:-1"},"canonical":"https:\/\/www.cppjvo.fr\/index.php\/hestia-front\/","og_locale":"fr_FR","og_type":"article","og_title":"Qui sommes nous ? - CPPJVO","og_description":"Association loi 1901, il est ouvert \u00e0 tous quelque soit le milieu professionnel. Nous acceptons les adh\u00e9rents \u00e0 partir de 16 ans. \u00a0 Les origines: Le Club de Plong\u00e9e CPPJVO a \u00e9t\u00e9 cr\u00e9\u00e9 \u00e0 l&#8217;origine en 1981 par des policiers et des magistrats passionn\u00e9s par la plong\u00e9e sous marine et souhaitant pratiquer ensemble cette activit\u00e9.\u00a0 [&hellip;]","og_url":"https:\/\/www.cppjvo.fr\/index.php\/hestia-front\/","og_site_name":"CPPJVO","article_publisher":"https:\/\/fr-fr.facebook.com\/CPPJVO-2116673645252590\/","article_modified_time":"2024-09-09T19:54:13+00:00","twitter_card":"summary_large_image","twitter_misc":{"Dur\u00e9e de lecture estim\u00e9e":"1 minute"},"schema":{"@context":"https:\/\/schema.org","@graph":[{"@type":"WebPage","@id":"https:\/\/www.cppjvo.fr\/index.php\/hestia-front\/","url":"https:\/\/www.cppjvo.fr\/index.php\/hestia-front\/","name":"Qui sommes nous ? - CPPJVO","isPartOf":{"@id":"https:\/\/www.cppjvo.fr\/#website"},"datePublished":"2018-11-12T11:50:12+00:00","dateModified":"2024-09-09T19:54:13+00:00","breadcrumb":{"@id":"https:\/\/www.cppjvo.fr\/index.php\/hestia-front\/#breadcrumb"},"inLanguage":"fr-FR","potentialAction":[{"@type":"ReadAction","target":["https:\/\/www.cppjvo.fr\/index.php\/hestia-front\/"]}]},{"@type":"BreadcrumbList","@id":"https:\/\/www.cppjvo.fr\/index.php\/hestia-front\/#breadcrumb","itemListElement":[{"@type":"ListItem","position":1,"name":"Accueil","item":"https:\/\/www.cppjvo.fr\/"},{"@type":"ListItem","position":2,"name":"Qui sommes nous ?"}]},{"@type":"WebSite","@id":"https:\/\/www.cppjvo.fr\/#website","url":"https:\/\/www.cppjvo.fr\/","name":"CPPJVO","description":"Club de Plong\u00e9e de la Police Justice du Val d&#039;Oise","publisher":{"@id":"https:\/\/www.cppjvo.fr\/#organization"},"potentialAction":[{"@type":"SearchAction","target":{"@type":"EntryPoint","urlTemplate":"https:\/\/www.cppjvo.fr\/?s={search_term_string}"},"query-input":{"@type":"PropertyValueSpecification","valueRequired":true,"valueName":"search_term_string"}}],"inLanguage":"fr-FR"},{"@type":"Organization","@id":"https:\/\/www.cppjvo.fr\/#organization","name":"cppvjo : club de plong\u00e9e Argenteuil","url":"https:\/\/www.cppjvo.fr\/","logo":{"@type":"ImageObject","inLanguage":"fr-FR","@id":"https:\/\/www.cppjvo.fr\/#\/schema\/logo\/image\/","url":"https:\/\/www.cppjvo.fr\/wp-content\/uploads\/2019\/07\/logo-cppvjo-2-1.jpg","contentUrl":"https:\/\/www.cppjvo.fr\/wp-content\/uploads\/2019\/07\/logo-cppvjo-2-1.jpg","width":777,"height":560,"caption":"cppvjo : club de plong\u00e9e Argenteuil"},"image":{"@id":"https:\/\/www.cppjvo.fr\/#\/schema\/logo\/image\/"},"sameAs":["https:\/\/fr-fr.facebook.com\/CPPJVO-2116673645252590\/"]}]}},"_links":{"self":[{"href":"https:\/\/www.cppjvo.fr\/index.php\/wp-json\/wp\/v2\/pages\/4284","targetHints":{"allow":["GET"]}}],"collection":[{"href":"https:\/\/www.cppjvo.fr\/index.php\/wp-json\/wp\/v2\/pages"}],"about":[{"href":"https:\/\/www.cppjvo.fr\/index.php\/wp-json\/wp\/v2\/types\/page"}],"author":[{"embeddable":true,"href":"https:\/\/www.cppjvo.fr\/index.php\/wp-json\/wp\/v2\/users\/1"}],"replies":[{"embeddable":true,"href":"https:\/\/www.cppjvo.fr\/index.php\/wp-json\/wp\/v2\/comments?post=4284"}],"version-history":[{"count":17,"href":"https:\/\/www.cppjvo.fr\/index.php\/wp-json\/wp\/v2\/pages\/4284\/revisions"}],"predecessor-version":[{"id":4868,"href":"https:\/\/www.cppjvo.fr\/index.php\/wp-json\/wp\/v2\/pages\/4284\/revisions\/4868"}],"wp:attachment":[{"href":"https:\/\/www.cppjvo.fr\/index.php\/wp-json\/wp\/v2\/media?parent=4284"}],"curies":[{"name":"wp","href":"https:\/\/api.w.org\/{rel}","templated":true}]}}