{"id":25,"date":"2016-10-03T11:15:32","date_gmt":"2016-10-03T11:15:32","guid":{"rendered":"https:\/\/demo.themeisle.com\/hestia\/?page_id=25"},"modified":"2026-01-18T11:28:58","modified_gmt":"2026-01-18T10:28:58","slug":"home","status":"publish","type":"page","link":"https:\/\/www.cppjvo.fr\/","title":{"rendered":"Bienvenue"},"content":{"rendered":"\t\t<div data-elementor-type=\"wp-post\" data-elementor-id=\"25\" class=\"elementor elementor-25\">\n\t\t\t\t\t\t<section class=\"elementor-section elementor-top-section elementor-element elementor-element-8a98f23 elementor-section-boxed elementor-section-height-default elementor-section-height-default\" data-id=\"8a98f23\" data-element_type=\"section\">\n\t\t\t\t\t\t<div class=\"elementor-container elementor-column-gap-default\">\n\t\t\t\t\t<div class=\"elementor-column elementor-col-100 elementor-top-column elementor-element elementor-element-cbfffaa\" data-id=\"cbfffaa\" data-element_type=\"column\">\n\t\t\t<div class=\"elementor-widget-wrap elementor-element-populated\">\n\t\t\t\t\t\t<div class=\"elementor-element elementor-element-17f7b0a elementor-widget__width-initial elementor-widget elementor-widget-text-editor\" data-id=\"17f7b0a\" data-element_type=\"widget\" data-widget_type=\"text-editor.default\">\n\t\t\t\t<div class=\"elementor-widget-container\">\n\t\t\t\t\t\t\t\t\t<p>La saison 2025-2026 est lanc\u00e9e.<\/p><p><span style=\"font-weight: bold;\">Venez essayer la plong\u00e9e lors de nos s\u00e9ances gratuites de bapt\u00eames<\/span>\u00a0: inscription sur\u00a0<a style=\"background-color: #ffffff;\" href=\"https:\/\/www.helloasso.com\/associations\/club-de-plongee-de-la-police-et-de-la-justice-du-val-d-oise\/evenements\/bapteme-de-plongee-sous-marine-avec-le-cppjvo-15-septembre-2025\">HelloAsso.<\/a><\/p><p>Trouvez le formulaire d&#8217;inscription 100% num\u00e9rique sur notre espace <a style=\"background-color: #ffffff;\" href=\"https:\/\/www.helloasso.com\/associations\/club-de-plongee-de-la-police-et-de-la-justice-du-val-d-oise\">HelloAsso<\/a>.<\/p><p>Le planning des activit\u00e9s pour cette fin d&#8217;ann\u00e9e : <a style=\"background-color: #ffffff;\" href=\"https:\/\/docs.google.com\/spreadsheets\/d\/1sJAoMTd6KPy3xpR4CDkzeXEL7NgW44kZ\/edit?usp=sharing&amp;ouid=102226357552468798635&amp;rtpof=true&amp;sd=true\" target=\"_blank\" rel=\"noopener\">ici<\/a><\/p>\t\t\t\t\t\t\t\t<\/div>\n\t\t\t\t<\/div>\n\t\t\t\t\t<\/div>\n\t\t<\/div>\n\t\t\t\t\t<\/div>\n\t\t<\/section>\n\t\t\t\t<section class=\"elementor-section elementor-top-section elementor-element elementor-element-be3cd1c elementor-section-boxed elementor-section-height-default elementor-section-height-default\" data-id=\"be3cd1c\" data-element_type=\"section\">\n\t\t\t\t\t\t<div class=\"elementor-container elementor-column-gap-default\">\n\t\t\t\t\t<div class=\"elementor-column elementor-col-100 elementor-top-column elementor-element elementor-element-4bd51ee\" data-id=\"4bd51ee\" data-element_type=\"column\">\n\t\t\t<div class=\"elementor-widget-wrap elementor-element-populated\">\n\t\t\t\t\t\t<div class=\"elementor-element elementor-element-2de1212 elementor-widget elementor-widget-heading\" data-id=\"2de1212\" data-element_type=\"widget\" data-widget_type=\"heading.default\">\n\t\t\t\t<div class=\"elementor-widget-container\">\n\t\t\t\t\t<h2 class=\"elementor-heading-title elementor-size-default\">L'ann\u00e9e 2025 en images<\/h2>\t\t\t\t<\/div>\n\t\t\t\t<\/div>\n\t\t\t\t\t<\/div>\n\t\t<\/div>\n\t\t\t\t\t<\/div>\n\t\t<\/section>\n\t\t\t\t<section class=\"elementor-section elementor-top-section elementor-element elementor-element-6968a45 elementor-section-boxed elementor-section-height-default elementor-section-height-default\" data-id=\"6968a45\" data-element_type=\"section\">\n\t\t\t\t\t\t<div class=\"elementor-container elementor-column-gap-default\">\n\t\t\t\t\t<div class=\"elementor-column elementor-col-100 elementor-top-column elementor-element elementor-element-3cff4f7\" data-id=\"3cff4f7\" data-element_type=\"column\">\n\t\t\t<div class=\"elementor-widget-wrap elementor-element-populated\">\n\t\t\t\t\t\t<div class=\"elementor-element elementor-element-0eba58c elementor-widget elementor-widget-video\" data-id=\"0eba58c\" data-element_type=\"widget\" data-settings=\"{&quot;youtube_url&quot;:&quot;https:\\\/\\\/www.youtube.com\\\/watch?v=nrNXCw3ii5o&quot;,&quot;autoplay&quot;:&quot;yes&quot;,&quot;video_type&quot;:&quot;youtube&quot;,&quot;controls&quot;:&quot;yes&quot;}\" data-widget_type=\"video.default\">\n\t\t\t\t<div class=\"elementor-widget-container\">\n\t\t\t\t\t\t\t<div class=\"elementor-wrapper elementor-open-inline\">\n\t\t\t<div class=\"elementor-video\"><\/div>\t\t<\/div>\n\t\t\t\t\t\t<\/div>\n\t\t\t\t<\/div>\n\t\t\t\t\t<\/div>\n\t\t<\/div>\n\t\t\t\t\t<\/div>\n\t\t<\/section>\n\t\t\t\t<section class=\"elementor-section elementor-top-section elementor-element elementor-element-8170c2d elementor-section-boxed elementor-section-height-default elementor-section-height-default\" data-id=\"8170c2d\" data-element_type=\"section\">\n\t\t\t\t\t\t<div class=\"elementor-container elementor-column-gap-default\">\n\t\t\t\t\t<div class=\"elementor-column elementor-col-100 elementor-top-column elementor-element elementor-element-e65589b\" data-id=\"e65589b\" data-element_type=\"column\">\n\t\t\t<div class=\"elementor-widget-wrap elementor-element-populated\">\n\t\t\t\t\t\t<div class=\"elementor-element elementor-element-5dbb86b elementor-widget elementor-widget-heading\" data-id=\"5dbb86b\" data-element_type=\"widget\" data-widget_type=\"heading.default\">\n\t\t\t\t<div class=\"elementor-widget-container\">\n\t\t\t\t\t<h2 class=\"elementor-heading-title elementor-size-default\">S\u00e9jour en Martinique en 2024<\/h2>\t\t\t\t<\/div>\n\t\t\t\t<\/div>\n\t\t\t\t\t<\/div>\n\t\t<\/div>\n\t\t\t\t\t<\/div>\n\t\t<\/section>\n\t\t\t\t<section class=\"elementor-section elementor-top-section elementor-element elementor-element-4d53533 elementor-section-boxed elementor-section-height-default elementor-section-height-default\" data-id=\"4d53533\" data-element_type=\"section\">\n\t\t\t\t\t\t<div class=\"elementor-container elementor-column-gap-default\">\n\t\t\t\t\t<div class=\"elementor-column elementor-col-100 elementor-top-column elementor-element elementor-element-42ff0f0\" data-id=\"42ff0f0\" data-element_type=\"column\">\n\t\t\t<div class=\"elementor-widget-wrap elementor-element-populated\">\n\t\t\t\t\t\t<div class=\"elementor-element elementor-element-233cd13 elementor-widget elementor-widget-video\" data-id=\"233cd13\" data-element_type=\"widget\" data-settings=\"{&quot;youtube_url&quot;:&quot;https:\\\/\\\/youtu.be\\\/x3iiBIp9x8A?si=tUiP-WhBFh62U-hA&quot;,&quot;video_type&quot;:&quot;youtube&quot;,&quot;controls&quot;:&quot;yes&quot;}\" data-widget_type=\"video.default\">\n\t\t\t\t<div class=\"elementor-widget-container\">\n\t\t\t\t\t\t\t<div class=\"elementor-wrapper elementor-open-inline\">\n\t\t\t<div class=\"elementor-video\"><\/div>\t\t<\/div>\n\t\t\t\t\t\t<\/div>\n\t\t\t\t<\/div>\n\t\t\t\t\t<\/div>\n\t\t<\/div>\n\t\t\t\t\t<\/div>\n\t\t<\/section>\n\t\t\t\t<section class=\"elementor-section elementor-top-section elementor-element elementor-element-a156d82 elementor-section-boxed elementor-section-height-default elementor-section-height-default\" data-id=\"a156d82\" data-element_type=\"section\">\n\t\t\t\t\t\t<div class=\"elementor-container elementor-column-gap-default\">\n\t\t\t\t\t<div class=\"elementor-column elementor-col-100 elementor-top-column elementor-element elementor-element-ed9cf5a\" data-id=\"ed9cf5a\" data-element_type=\"column\">\n\t\t\t<div class=\"elementor-widget-wrap elementor-element-populated\">\n\t\t\t\t\t\t<div class=\"elementor-element elementor-element-06b35a0 elementor-widget elementor-widget-heading\" data-id=\"06b35a0\" data-element_type=\"widget\" data-widget_type=\"heading.default\">\n\t\t\t\t<div class=\"elementor-widget-container\">\n\t\t\t\t\t<h2 class=\"elementor-heading-title elementor-size-default\">S\u00e9jour \u00e0 Saint Rapha\u00ebl en 2024<\/h2>\t\t\t\t<\/div>\n\t\t\t\t<\/div>\n\t\t\t\t\t<\/div>\n\t\t<\/div>\n\t\t\t\t\t<\/div>\n\t\t<\/section>\n\t\t\t\t<section class=\"elementor-section elementor-top-section elementor-element elementor-element-ce1fe93 elementor-section-boxed elementor-section-height-default elementor-section-height-default\" data-id=\"ce1fe93\" data-element_type=\"section\">\n\t\t\t\t\t\t<div class=\"elementor-container elementor-column-gap-default\">\n\t\t\t\t\t<div class=\"elementor-column elementor-col-100 elementor-top-column elementor-element elementor-element-278c473\" data-id=\"278c473\" data-element_type=\"column\">\n\t\t\t<div class=\"elementor-widget-wrap elementor-element-populated\">\n\t\t\t\t\t\t<div class=\"elementor-element elementor-element-13da638 elementor-widget elementor-widget-video\" data-id=\"13da638\" data-element_type=\"widget\" data-settings=\"{&quot;youtube_url&quot;:&quot;https:\\\/\\\/youtu.be\\\/ltFzbfu9hoc&quot;,&quot;video_type&quot;:&quot;youtube&quot;,&quot;controls&quot;:&quot;yes&quot;}\" data-widget_type=\"video.default\">\n\t\t\t\t<div class=\"elementor-widget-container\">\n\t\t\t\t\t\t\t<div class=\"elementor-wrapper elementor-open-inline\">\n\t\t\t<div class=\"elementor-video\"><\/div>\t\t<\/div>\n\t\t\t\t\t\t<\/div>\n\t\t\t\t<\/div>\n\t\t\t\t\t<\/div>\n\t\t<\/div>\n\t\t\t\t\t<\/div>\n\t\t<\/section>\n\t\t\t\t<\/div>\n\t\t","protected":false},"excerpt":{"rendered":"<p>La saison 2025-2026 est lanc\u00e9e. Venez essayer la plong\u00e9e lors de nos s\u00e9ances gratuites de bapt\u00eames\u00a0: inscription sur\u00a0HelloAsso. Trouvez le formulaire d&#8217;inscription 100% num\u00e9rique sur notre espace HelloAsso. Le planning des activit\u00e9s pour cette fin d&#8217;ann\u00e9e : ici L&#8217;ann\u00e9e 2025 en images S\u00e9jour en Martinique en 2024 S\u00e9jour \u00e0 Saint Rapha\u00ebl en 2024<\/p>\n","protected":false},"author":1,"featured_media":0,"parent":0,"menu_order":0,"comment_status":"closed","ping_status":"closed","template":"","meta":{"footnotes":""},"class_list":["post-25","page","type-page","status-publish","hentry"],"yoast_head":"<!-- This site is optimized with the Yoast SEO plugin v26.7 - https:\/\/yoast.com\/wordpress\/plugins\/seo\/ -->\n<title>Bienvenue - CPPJVO<\/title>\n<meta name=\"robots\" content=\"index, follow, max-snippet:-1, max-image-preview:large, max-video-preview:-1\" \/>\n<link rel=\"canonical\" href=\"https:\/\/www.cppjvo.fr\/\" \/>\n<meta property=\"og:locale\" content=\"fr_FR\" \/>\n<meta property=\"og:type\" content=\"article\" \/>\n<meta property=\"og:title\" content=\"Bienvenue - CPPJVO\" \/>\n<meta property=\"og:description\" content=\"La saison 2025-2026 est lanc\u00e9e. Venez essayer la plong\u00e9e lors de nos s\u00e9ances gratuites de bapt\u00eames\u00a0: inscription sur\u00a0HelloAsso. Trouvez le formulaire d&#8217;inscription 100% num\u00e9rique sur notre espace HelloAsso. Le planning des activit\u00e9s pour cette fin d&#8217;ann\u00e9e : ici L&#8217;ann\u00e9e 2025 en images S\u00e9jour en Martinique en 2024 S\u00e9jour \u00e0 Saint Rapha\u00ebl en 2024\" \/>\n<meta property=\"og:url\" content=\"https:\/\/www.cppjvo.fr\/\" \/>\n<meta property=\"og:site_name\" content=\"CPPJVO\" \/>\n<meta property=\"article:publisher\" content=\"https:\/\/fr-fr.facebook.com\/CPPJVO-2116673645252590\/\" \/>\n<meta property=\"article:modified_time\" content=\"2026-01-18T10:28:58+00:00\" \/>\n<meta name=\"twitter:card\" content=\"summary_large_image\" \/>\n<meta name=\"twitter:label1\" content=\"Dur\u00e9e de lecture estim\u00e9e\" \/>\n\t<meta name=\"twitter:data1\" content=\"2 minutes\" \/>\n<script type=\"application\/ld+json\" class=\"yoast-schema-graph\">{\"@context\":\"https:\/\/schema.org\",\"@graph\":[{\"@type\":\"WebPage\",\"@id\":\"https:\/\/www.cppjvo.fr\/\",\"url\":\"https:\/\/www.cppjvo.fr\/\",\"name\":\"Bienvenue - CPPJVO\",\"isPartOf\":{\"@id\":\"https:\/\/www.cppjvo.fr\/#website\"},\"datePublished\":\"2016-10-03T11:15:32+00:00\",\"dateModified\":\"2026-01-18T10:28:58+00:00\",\"breadcrumb\":{\"@id\":\"https:\/\/www.cppjvo.fr\/#breadcrumb\"},\"inLanguage\":\"fr-FR\",\"potentialAction\":[{\"@type\":\"ReadAction\",\"target\":[\"https:\/\/www.cppjvo.fr\/\"]}]},{\"@type\":\"BreadcrumbList\",\"@id\":\"https:\/\/www.cppjvo.fr\/#breadcrumb\",\"itemListElement\":[{\"@type\":\"ListItem\",\"position\":1,\"name\":\"Accueil\",\"item\":\"https:\/\/www.cppjvo.fr\/\"},{\"@type\":\"ListItem\",\"position\":2,\"name\":\"Bienvenue\"}]},{\"@type\":\"WebSite\",\"@id\":\"https:\/\/www.cppjvo.fr\/#website\",\"url\":\"https:\/\/www.cppjvo.fr\/\",\"name\":\"CPPJVO\",\"description\":\"Club de Plong\u00e9e de la Police Justice du Val d&#039;Oise\",\"publisher\":{\"@id\":\"https:\/\/www.cppjvo.fr\/#organization\"},\"potentialAction\":[{\"@type\":\"SearchAction\",\"target\":{\"@type\":\"EntryPoint\",\"urlTemplate\":\"https:\/\/www.cppjvo.fr\/?s={search_term_string}\"},\"query-input\":{\"@type\":\"PropertyValueSpecification\",\"valueRequired\":true,\"valueName\":\"search_term_string\"}}],\"inLanguage\":\"fr-FR\"},{\"@type\":\"Organization\",\"@id\":\"https:\/\/www.cppjvo.fr\/#organization\",\"name\":\"cppvjo : club de plong\u00e9e Argenteuil\",\"url\":\"https:\/\/www.cppjvo.fr\/\",\"logo\":{\"@type\":\"ImageObject\",\"inLanguage\":\"fr-FR\",\"@id\":\"https:\/\/www.cppjvo.fr\/#\/schema\/logo\/image\/\",\"url\":\"https:\/\/www.cppjvo.fr\/wp-content\/uploads\/2019\/07\/logo-cppvjo-2-1.jpg\",\"contentUrl\":\"https:\/\/www.cppjvo.fr\/wp-content\/uploads\/2019\/07\/logo-cppvjo-2-1.jpg\",\"width\":777,\"height\":560,\"caption\":\"cppvjo : club de plong\u00e9e Argenteuil\"},\"image\":{\"@id\":\"https:\/\/www.cppjvo.fr\/#\/schema\/logo\/image\/\"},\"sameAs\":[\"https:\/\/fr-fr.facebook.com\/CPPJVO-2116673645252590\/\"]}]}<\/script>\n<!-- \/ Yoast SEO plugin. -->","yoast_head_json":{"title":"Bienvenue - CPPJVO","robots":{"index":"index","follow":"follow","max-snippet":"max-snippet:-1","max-image-preview":"max-image-preview:large","max-video-preview":"max-video-preview:-1"},"canonical":"https:\/\/www.cppjvo.fr\/","og_locale":"fr_FR","og_type":"article","og_title":"Bienvenue - CPPJVO","og_description":"La saison 2025-2026 est lanc\u00e9e. Venez essayer la plong\u00e9e lors de nos s\u00e9ances gratuites de bapt\u00eames\u00a0: inscription sur\u00a0HelloAsso. Trouvez le formulaire d&#8217;inscription 100% num\u00e9rique sur notre espace HelloAsso. Le planning des activit\u00e9s pour cette fin d&#8217;ann\u00e9e : ici L&#8217;ann\u00e9e 2025 en images S\u00e9jour en Martinique en 2024 S\u00e9jour \u00e0 Saint Rapha\u00ebl en 2024","og_url":"https:\/\/www.cppjvo.fr\/","og_site_name":"CPPJVO","article_publisher":"https:\/\/fr-fr.facebook.com\/CPPJVO-2116673645252590\/","article_modified_time":"2026-01-18T10:28:58+00:00","twitter_card":"summary_large_image","twitter_misc":{"Dur\u00e9e de lecture estim\u00e9e":"2 minutes"},"schema":{"@context":"https:\/\/schema.org","@graph":[{"@type":"WebPage","@id":"https:\/\/www.cppjvo.fr\/","url":"https:\/\/www.cppjvo.fr\/","name":"Bienvenue - CPPJVO","isPartOf":{"@id":"https:\/\/www.cppjvo.fr\/#website"},"datePublished":"2016-10-03T11:15:32+00:00","dateModified":"2026-01-18T10:28:58+00:00","breadcrumb":{"@id":"https:\/\/www.cppjvo.fr\/#breadcrumb"},"inLanguage":"fr-FR","potentialAction":[{"@type":"ReadAction","target":["https:\/\/www.cppjvo.fr\/"]}]},{"@type":"BreadcrumbList","@id":"https:\/\/www.cppjvo.fr\/#breadcrumb","itemListElement":[{"@type":"ListItem","position":1,"name":"Accueil","item":"https:\/\/www.cppjvo.fr\/"},{"@type":"ListItem","position":2,"name":"Bienvenue"}]},{"@type":"WebSite","@id":"https:\/\/www.cppjvo.fr\/#website","url":"https:\/\/www.cppjvo.fr\/","name":"CPPJVO","description":"Club de Plong\u00e9e de la Police Justice du Val d&#039;Oise","publisher":{"@id":"https:\/\/www.cppjvo.fr\/#organization"},"potentialAction":[{"@type":"SearchAction","target":{"@type":"EntryPoint","urlTemplate":"https:\/\/www.cppjvo.fr\/?s={search_term_string}"},"query-input":{"@type":"PropertyValueSpecification","valueRequired":true,"valueName":"search_term_string"}}],"inLanguage":"fr-FR"},{"@type":"Organization","@id":"https:\/\/www.cppjvo.fr\/#organization","name":"cppvjo : club de plong\u00e9e Argenteuil","url":"https:\/\/www.cppjvo.fr\/","logo":{"@type":"ImageObject","inLanguage":"fr-FR","@id":"https:\/\/www.cppjvo.fr\/#\/schema\/logo\/image\/","url":"https:\/\/www.cppjvo.fr\/wp-content\/uploads\/2019\/07\/logo-cppvjo-2-1.jpg","contentUrl":"https:\/\/www.cppjvo.fr\/wp-content\/uploads\/2019\/07\/logo-cppvjo-2-1.jpg","width":777,"height":560,"caption":"cppvjo : club de plong\u00e9e Argenteuil"},"image":{"@id":"https:\/\/www.cppjvo.fr\/#\/schema\/logo\/image\/"},"sameAs":["https:\/\/fr-fr.facebook.com\/CPPJVO-2116673645252590\/"]}]}},"_links":{"self":[{"href":"https:\/\/www.cppjvo.fr\/index.php\/wp-json\/wp\/v2\/pages\/25","targetHints":{"allow":["GET"]}}],"collection":[{"href":"https:\/\/www.cppjvo.fr\/index.php\/wp-json\/wp\/v2\/pages"}],"about":[{"href":"https:\/\/www.cppjvo.fr\/index.php\/wp-json\/wp\/v2\/types\/page"}],"author":[{"embeddable":true,"href":"https:\/\/www.cppjvo.fr\/index.php\/wp-json\/wp\/v2\/users\/1"}],"replies":[{"embeddable":true,"href":"https:\/\/www.cppjvo.fr\/index.php\/wp-json\/wp\/v2\/comments?post=25"}],"version-history":[{"count":90,"href":"https:\/\/www.cppjvo.fr\/index.php\/wp-json\/wp\/v2\/pages\/25\/revisions"}],"predecessor-version":[{"id":4989,"href":"https:\/\/www.cppjvo.fr\/index.php\/wp-json\/wp\/v2\/pages\/25\/revisions\/4989"}],"wp:attachment":[{"href":"https:\/\/www.cppjvo.fr\/index.php\/wp-json\/wp\/v2\/media?parent=25"}],"curies":[{"name":"wp","href":"https:\/\/api.w.org\/{rel}","templated":true}]}}